{"id":5,"date":"2020-11-15T11:33:19","date_gmt":"2020-11-15T08:33:19","guid":{"rendered":"http:\/\/satelelektrik.com\/en\/colibri-wp\/"},"modified":"2020-11-23T11:46:49","modified_gmt":"2020-11-23T08:46:49","slug":"colibri-wp","status":"publish","type":"page","link":"https:\/\/satelelektrik.com\/en\/","title":{"rendered":"Front Page"},"content":{"rendered":"<div data-colibri-id=\"5-c1\" class=\"style-224 style-local-5-c1 position-relative\">\n  <!---->\n  <div data-colibri-component=\"section\" data-colibri-id=\"5-c2\" id=\"features\" class=\"h-section h-section-global-spacing d-flex align-items-lg-center align-items-md-center align-items-center style-225 style-local-5-c2 position-relative\">\n    <!---->\n    <!---->\n    <div class=\"h-section-grid-container h-section-boxed-container\">\n      <div data-colibri-id=\"5-c28\" class=\"h-row-container gutters-row-lg-2 gutters-row-md-2 gutters-row-0 gutters-row-v-lg-2 gutters-row-v-md-2 gutters-row-v-2 style-235 style-local-5-c28 position-relative\">\n        <!---->\n        <div class=\"h-row justify-content-lg-center justify-content-md-center justify-content-center align-items-lg-stretch align-items-md-stretch align-items-stretch gutters-col-lg-2 gutters-col-md-2 gutters-col-0 gutters-col-v-lg-2 gutters-col-v-md-2 gutters-col-v-2\">\n          <!---->\n          <div class=\"h-column h-column-container d-flex h-col-lg-auto h-col-md-auto h-col-auto style-236-outer style-local-5-c29-outer\">\n            <div data-colibri-id=\"5-c29\" class=\"d-flex h-flex-basis h-column__inner h-px-lg-2 h-px-md-2 h-px-2 v-inner-lg-2 v-inner-md-2 v-inner-2 style-236 style-local-5-c29 position-relative\">\n              <!---->\n              <!---->\n              <div class=\"w-100 h-y-container h-column__content h-column__v-align flex-basis-100 align-self-lg-start align-self-md-start align-self-start\">\n                <!---->\n                <div data-colibri-id=\"5-c30\" class=\"h-global-transition-all h-heading style-237 style-local-5-c30 position-relative h-element\">\n                  <!---->\n                  <div class=\"h-heading__outer style-237 style-local-5-c30\">\n                    <!---->\n                    <!---->\n                    <h2 class=\"\">REPRESENTATIONS<\/h2>\n                  <\/div>\n                <\/div>\n              <\/div>\n            <\/div>\n          <\/div>\n        <\/div>\n      <\/div>\n      <div data-colibri-id=\"5-c3\" class=\"h-row-container gutters-row-lg-2 gutters-row-md-2 gutters-row-2 gutters-row-v-lg-2 gutters-row-v-md-2 gutters-row-v-2 style-226 style-local-5-c3 position-relative\">\n        <!---->\n        <div class=\"h-row justify-content-lg-center justify-content-md-center justify-content-center align-items-lg-stretch align-items-md-stretch align-items-stretch gutters-col-lg-2 gutters-col-md-2 gutters-col-2 gutters-col-v-lg-2 gutters-col-v-md-2 gutters-col-v-2\">\n          <!---->\n          <div class=\"h-column h-column-container d-flex h-col-lg-4 h-col-md-6 h-col-12 style-227-outer style-local-5-c4-outer\">\n            <div data-colibri-id=\"5-c4\" class=\"d-flex h-flex-basis h-column__inner h-px-lg-0 h-px-md-0 h-px-0 v-inner-lg-0 v-inner-md-0 v-inner-0 style-227 style-local-5-c4 position-relative\">\n              <!---->\n              <!---->\n              <div class=\"w-100 h-y-container h-column__content h-column__v-align flex-basis-100 align-self-lg-start align-self-md-start align-self-start\">\n                <!---->\n                <div data-colibri-id=\"5-c5\" class=\"d-block style-228 style-local-5-c5 position-relative h-element\">\n                  <!---->\n                  <div class=\"h-image__frame-container-outer\">\n                    <div class=\"h-image__frame-container\">\n                      <!---->\n                      <!---->\n                      <img loading=\"lazy\" width=\"642\" height=\"642\" src=\"http:\/\/satelelektrik.com\/en\/wp-content\/uploads\/2020\/11\/cropped-FFG-flensburg-start_teaser_642x642_G5-1.jpg\" class=\"wp-image-135 style-228-image style-local-5-c5-image\" srcset=\"https:\/\/satelelektrik.com\/en\/wp-content\/uploads\/2020\/11\/cropped-FFG-flensburg-start_teaser_642x642_G5-1.jpg 642w, https:\/\/satelelektrik.com\/en\/wp-content\/uploads\/2020\/11\/cropped-FFG-flensburg-start_teaser_642x642_G5-1-300x300.jpg 300w, https:\/\/satelelektrik.com\/en\/wp-content\/uploads\/2020\/11\/cropped-FFG-flensburg-start_teaser_642x642_G5-1-150x150.jpg 150w\" sizes=\"(max-width: 642px) 100vw, 642px\" alt=\"\" \/>\n                      <div class=\"h-image__frame h-hide-lg h-hide-md h-hide-sm style-228-frameImage style-local-5-c5-frameImage\"><\/div>\n                    <\/div>\n                  <\/div>\n                <\/div>\n                <div data-colibri-id=\"5-c6\" class=\"h-row-container gutters-row-lg-0 gutters-row-md-0 gutters-row-2 gutters-row-v-lg-0 gutters-row-v-md-0 gutters-row-v-2 style-229 style-local-5-c6 position-relative\">\n                  <!---->\n                  <div class=\"h-row justify-content-lg-center justify-content-md-center justify-content-center align-items-lg-stretch align-items-md-stretch align-items-stretch gutters-col-lg-0 gutters-col-md-0 gutters-col-2 gutters-col-v-lg-0 gutters-col-v-md-0 gutters-col-v-2\">\n                    <!---->\n                    <div class=\"h-column h-column-container d-flex h-col-lg-auto h-col-md-auto h-col-auto style-230-outer style-local-5-c7-outer\">\n                      <div data-colibri-id=\"5-c7\" class=\"d-flex h-flex-basis h-column__inner h-px-lg-2 h-px-md-3 h-px-2 v-inner-lg-2 v-inner-md-3 v-inner-2 style-230 style-local-5-c7 position-relative\">\n                        <!---->\n                        <!---->\n                        <div class=\"w-100 h-y-container h-column__content h-column__v-align flex-basis-100 align-self-lg-start align-self-md-start align-self-start\">\n                          <!---->\n                          <div data-colibri-id=\"5-c8\" class=\"h-global-transition-all h-heading style-231 style-local-5-c8 position-relative h-element\">\n                            <!---->\n                            <div class=\"h-heading__outer style-231 style-local-5-c8\">\n                              <!---->\n                              <!---->\n                              <h4 class=\"\">FFG<\/h4>\n                            <\/div>\n                          <\/div>\n                          <div data-colibri-id=\"5-c9\" class=\"h-text h-text-component style-232 style-local-5-c9 position-relative h-element\">\n                            <!---->\n                            <!---->\n                            <div class=\"\">\n                              <p>Manufacture of special vehicles in the field of Defense Industry and Environmental Technologies, maintenance&#8230;<\/p>\n                            <\/div>\n                          <\/div>\n                        <\/div>\n                      <\/div>\n                    <\/div>\n                  <\/div>\n                <\/div>\n                <div data-colibri-id=\"5-c10\" class=\"h-x-container style-233 style-local-5-c10 position-relative h-element\">\n                  <!---->\n                  <div class=\"h-x-container-inner style-dynamic-5-c10-group style-233-spacing style-local-5-c10-spacing\"><span class=\"h-link__outer style-234-outer style-local-5-c11-outer d-inline-flex h-element\"><a h-use-smooth-scroll=\"true\" href=\"http:\/\/satelelektrik.com\/en\/ffg\/\"  data-colibri-id=\"5-c11\" class=\"d-flex w-100 align-items-center h-link style-234 style-local-5-c11 position-relative\"><!----><!----> <span>read more<\/span>                    <span class=\"h-svg-icon h-link__icon style-234-icon style-local-5-c11-icon\"><!--Icon by Icons8 Line Awesome (https:\/\/icons8.com\/line-awesome)--><svg version=\"1.1\" xmlns=\"http:\/\/www.w3.org\/2000\/svg\" xmlns:xlink=\"http:\/\/www.w3.org\/1999\/xlink\" id=\"angle-double-right\" viewBox=\"0 0 512 545.5\"><path d=\"M145.5 108.5l168 168L325 288l-11.5 11.5-168 168-22.5-23L279.5 288 123 131.5zm112 0l168 168L437 288l-11.5 11.5-168 168-22.5-23L391.5 288 235 131.5z\"><\/path><\/svg><\/span><\/a>\n                    <\/span>\n                  <\/div>\n                <\/div>\n              <\/div>\n            <\/div>\n          <\/div>\n          <div class=\"h-column h-column-container d-flex h-col-lg-4 h-col-md-6 h-col-12 style-227-outer style-local-5-c12-outer\">\n            <div data-colibri-id=\"5-c12\" class=\"d-flex h-flex-basis h-column__inner h-px-lg-0 h-px-md-0 h-px-0 v-inner-lg-0 v-inner-md-0 v-inner-0 style-227 style-local-5-c12 position-relative\">\n              <!---->\n              <!---->\n              <div class=\"w-100 h-y-container h-column__content h-column__v-align flex-basis-100 align-self-lg-start align-self-md-start align-self-start\">\n                <!---->\n                <div data-colibri-id=\"5-c13\" class=\"d-block style-228 style-local-5-c13 position-relative h-element\">\n                  <!---->\n                  <div class=\"h-image__frame-container-outer\">\n                    <div class=\"h-image__frame-container\">\n                      <!---->\n                      <!---->\n                      <img loading=\"lazy\" width=\"722\" height=\"721\" src=\"http:\/\/satelelektrik.com\/en\/wp-content\/uploads\/2020\/11\/cropped-apicom_4luglio16-7_rid.jpg\" class=\"wp-image-103 style-228-image style-local-5-c13-image\" srcset=\"https:\/\/satelelektrik.com\/en\/wp-content\/uploads\/2020\/11\/cropped-apicom_4luglio16-7_rid.jpg 722w, https:\/\/satelelektrik.com\/en\/wp-content\/uploads\/2020\/11\/cropped-apicom_4luglio16-7_rid-300x300.jpg 300w, https:\/\/satelelektrik.com\/en\/wp-content\/uploads\/2020\/11\/cropped-apicom_4luglio16-7_rid-150x150.jpg 150w\" sizes=\"(max-width: 722px) 100vw, 722px\" alt=\"\" \/>\n                      <div class=\"h-image__frame h-hide-lg h-hide-md h-hide-sm style-228-frameImage style-local-5-c13-frameImage\"><\/div>\n                    <\/div>\n                  <\/div>\n                <\/div>\n                <div data-colibri-id=\"5-c14\" class=\"h-row-container gutters-row-lg-0 gutters-row-md-0 gutters-row-2 gutters-row-v-lg-0 gutters-row-v-md-0 gutters-row-v-2 style-229 style-local-5-c14 position-relative\">\n                  <!---->\n                  <div class=\"h-row justify-content-lg-center justify-content-md-center justify-content-center align-items-lg-stretch align-items-md-stretch align-items-stretch gutters-col-lg-0 gutters-col-md-0 gutters-col-2 gutters-col-v-lg-0 gutters-col-v-md-0 gutters-col-v-2\">\n                    <!---->\n                    <div class=\"h-column h-column-container d-flex h-col-lg-auto h-col-md-auto h-col-auto style-230-outer style-local-5-c15-outer\">\n                      <div data-colibri-id=\"5-c15\" class=\"d-flex h-flex-basis h-column__inner h-px-lg-2 h-px-md-3 h-px-2 v-inner-lg-2 v-inner-md-3 v-inner-2 style-230 style-local-5-c15 position-relative\">\n                        <!---->\n                        <!---->\n                        <div class=\"w-100 h-y-container h-column__content h-column__v-align flex-basis-100 align-self-lg-start align-self-md-start align-self-start\">\n                          <!---->\n                          <div data-colibri-id=\"5-c16\" class=\"h-global-transition-all h-heading style-231 style-local-5-c16 position-relative h-element\">\n                            <!---->\n                            <div class=\"h-heading__outer style-231 style-local-5-c16\">\n                              <!---->\n                              <!---->\n                              <h4 class=\"\">API-COM<\/h4>\n                            <\/div>\n                          <\/div>\n                          <div data-colibri-id=\"5-c17\" class=\"h-text h-text-component style-232 style-local-5-c17 position-relative h-element\">\n                            <!---->\n                            <!---->\n                            <div class=\"\">\n                              <p>Our company is representator of APICOM S.p.A. and together with APICOM we completed successfully the installation and&#8230;<\/p>\n                            <\/div>\n                          <\/div>\n                        <\/div>\n                      <\/div>\n                    <\/div>\n                  <\/div>\n                <\/div>\n                <div data-colibri-id=\"5-c18\" class=\"h-x-container style-233 style-local-5-c18 position-relative h-element\">\n                  <!---->\n                  <div class=\"h-x-container-inner style-dynamic-5-c18-group style-233-spacing style-local-5-c18-spacing\"><span class=\"h-link__outer style-234-outer style-local-5-c19-outer d-inline-flex h-element\"><a h-use-smooth-scroll=\"true\" href=\"http:\/\/satelelektrik.com\/en\/api\/\"  data-colibri-id=\"5-c19\" class=\"d-flex w-100 align-items-center h-link style-234 style-local-5-c19 position-relative\"><!----><!----> <span>read more<\/span>                    <span class=\"h-svg-icon h-link__icon style-234-icon style-local-5-c19-icon\"><!--Icon by Icons8 Line Awesome (https:\/\/icons8.com\/line-awesome)--><svg version=\"1.1\" xmlns=\"http:\/\/www.w3.org\/2000\/svg\" xmlns:xlink=\"http:\/\/www.w3.org\/1999\/xlink\" id=\"angle-double-right\" viewBox=\"0 0 512 545.5\"><path d=\"M145.5 108.5l168 168L325 288l-11.5 11.5-168 168-22.5-23L279.5 288 123 131.5zm112 0l168 168L437 288l-11.5 11.5-168 168-22.5-23L391.5 288 235 131.5z\"><\/path><\/svg><\/span><\/a>\n                    <\/span>\n                  <\/div>\n                <\/div>\n              <\/div>\n            <\/div>\n          <\/div>\n          <div class=\"h-column h-column-container d-flex h-col-lg-4 h-col-md-6 h-col-12 style-227-outer style-local-5-c20-outer\">\n            <div data-colibri-id=\"5-c20\" class=\"d-flex h-flex-basis h-column__inner h-px-lg-0 h-px-md-0 h-px-0 v-inner-lg-0 v-inner-md-0 v-inner-0 style-227 style-local-5-c20 position-relative\">\n              <!---->\n              <!---->\n              <div class=\"w-100 h-y-container h-column__content h-column__v-align flex-basis-100 align-self-lg-start align-self-md-start align-self-start\">\n                <!---->\n                <div data-colibri-id=\"5-c21\" class=\"d-block style-228 style-local-5-c21 position-relative h-element\">\n                  <!---->\n                  <div class=\"h-image__frame-container-outer\">\n                    <div class=\"h-image__frame-container\">\n                      <!---->\n                      <!---->\n                      <img loading=\"lazy\" width=\"801\" height=\"800\" src=\"http:\/\/satelelektrik.com\/en\/wp-content\/uploads\/2020\/11\/cropped-tren-1.jpg\" class=\"wp-image-137 style-228-image style-local-5-c21-image\" srcset=\"https:\/\/satelelektrik.com\/en\/wp-content\/uploads\/2020\/11\/cropped-tren-1.jpg 801w, https:\/\/satelelektrik.com\/en\/wp-content\/uploads\/2020\/11\/cropped-tren-1-300x300.jpg 300w, https:\/\/satelelektrik.com\/en\/wp-content\/uploads\/2020\/11\/cropped-tren-1-150x150.jpg 150w, https:\/\/satelelektrik.com\/en\/wp-content\/uploads\/2020\/11\/cropped-tren-1-768x767.jpg 768w\" sizes=\"(max-width: 801px) 100vw, 801px\" alt=\"\" \/>\n                      <div class=\"h-image__frame h-hide-lg h-hide-md h-hide-sm style-228-frameImage style-local-5-c21-frameImage\"><\/div>\n                    <\/div>\n                  <\/div>\n                <\/div>\n                <div data-colibri-id=\"5-c22\" class=\"h-row-container gutters-row-lg-0 gutters-row-md-0 gutters-row-2 gutters-row-v-lg-0 gutters-row-v-md-0 gutters-row-v-2 style-229 style-local-5-c22 position-relative\">\n                  <!---->\n                  <div class=\"h-row justify-content-lg-center justify-content-md-center justify-content-center align-items-lg-stretch align-items-md-stretch align-items-stretch gutters-col-lg-0 gutters-col-md-0 gutters-col-2 gutters-col-v-lg-0 gutters-col-v-md-0 gutters-col-v-2\">\n                    <!---->\n                    <div class=\"h-column h-column-container d-flex h-col-lg-auto h-col-md-auto h-col-auto style-230-outer style-local-5-c23-outer\">\n                      <div data-colibri-id=\"5-c23\" class=\"d-flex h-flex-basis h-column__inner h-px-lg-2 h-px-md-3 h-px-2 v-inner-lg-2 v-inner-md-3 v-inner-2 style-230 style-local-5-c23 position-relative\">\n                        <!---->\n                        <!---->\n                        <div class=\"w-100 h-y-container h-column__content h-column__v-align flex-basis-100 align-self-lg-start align-self-md-start align-self-start\">\n                          <!---->\n                          <div data-colibri-id=\"5-c24\" class=\"h-global-transition-all h-heading style-231 style-local-5-c24 position-relative h-element\">\n                            <!---->\n                            <div class=\"h-heading__outer style-231 style-local-5-c24\">\n                              <!---->\n                              <!---->\n                              <h4 class=\"\">KIZILIRMAK<\/h4>\n                            <\/div>\n                          <\/div>\n                          <div data-colibri-id=\"5-c25\" class=\"h-text h-text-component style-232 style-local-5-c25 position-relative h-element\">\n                            <!---->\n                            <!---->\n                            <div class=\"\">\n                              <p>Our company; Our solution partner, KIZILIRAK D\u00d6K\u00dcM SAN. VE T\u0130C. A\u015e and KIZILIRAK MAK\u0130NA SAN. VE T\u0130C. A\u015e&#8230;<\/p>\n                            <\/div>\n                          <\/div>\n                        <\/div>\n                      <\/div>\n                    <\/div>\n                  <\/div>\n                <\/div>\n                <div data-colibri-id=\"5-c26\" class=\"h-x-container style-233 style-local-5-c26 position-relative h-element\">\n                  <!---->\n                  <div class=\"h-x-container-inner style-dynamic-5-c26-group style-233-spacing style-local-5-c26-spacing\"><span class=\"h-link__outer style-234-outer style-local-5-c27-outer d-inline-flex h-element\"><a h-use-smooth-scroll=\"true\" href=\"http:\/\/satelelektrik.com\/en\/kizilirmak\/\"  data-colibri-id=\"5-c27\" class=\"d-flex w-100 align-items-center h-link style-234 style-local-5-c27 position-relative\"><!----><!----> <span>read more<\/span>                    <span class=\"h-svg-icon h-link__icon style-234-icon style-local-5-c27-icon\"><!--Icon by Icons8 Line Awesome (https:\/\/icons8.com\/line-awesome)--><svg version=\"1.1\" xmlns=\"http:\/\/www.w3.org\/2000\/svg\" xmlns:xlink=\"http:\/\/www.w3.org\/1999\/xlink\" id=\"angle-double-right\" viewBox=\"0 0 512 545.5\"><path d=\"M145.5 108.5l168 168L325 288l-11.5 11.5-168 168-22.5-23L279.5 288 123 131.5zm112 0l168 168L437 288l-11.5 11.5-168 168-22.5-23L391.5 288 235 131.5z\"><\/path><\/svg><\/span><\/a>\n                    <\/span>\n                  <\/div>\n                <\/div>\n              <\/div>\n            <\/div>\n          <\/div>\n        <\/div>\n      <\/div>\n    <\/div>\n  <\/div>\n  <div data-colibri-component=\"section\" data-colibri-id=\"5-c31\" id=\"about\" class=\"h-section h-section-global-spacing d-flex align-items-lg-center align-items-md-center align-items-center style-245 style-local-5-c31 position-relative\">\n    <!---->\n    <!---->\n    <div class=\"h-section-grid-container h-section-boxed-container\">\n      <!---->\n      <div data-colibri-id=\"5-c32\" class=\"h-row-container gutters-row-lg-0 gutters-row-md-0 gutters-row-0 gutters-row-v-lg-0 gutters-row-v-md-0 gutters-row-v-0 style-246 style-local-5-c32 position-relative\">\n        <!---->\n        <div class=\"h-row justify-content-lg-center justify-content-md-center justify-content-center align-items-lg-stretch align-items-md-stretch align-items-stretch gutters-col-lg-0 gutters-col-md-0 gutters-col-0 gutters-col-v-lg-0 gutters-col-v-md-0 gutters-col-v-0\">\n          <!---->\n          <div class=\"h-column h-column-container d-flex h-col-lg-auto h-col-md-auto h-col-auto style-247-outer style-local-5-c33-outer\">\n            <div data-colibri-id=\"5-c33\" class=\"d-flex h-flex-basis h-column__inner h-ui-empty-state-container h-px-lg-0 h-px-md-0 h-px-0 v-inner-lg-0 v-inner-md-0 v-inner-0 style-247 style-local-5-c33 position-relative\">\n              <!---->\n              <!---->\n              <div class=\"w-100 h-y-container h-column__content h-column__v-align flex-basis-100\">\n                <!---->\n              <\/div>\n            <\/div>\n          <\/div>\n          <div class=\"h-column h-column-container d-flex h-col-lg-auto h-col-md-auto h-col-auto style-248-outer style-local-5-c34-outer\">\n            <div data-colibri-id=\"5-c34\" class=\"d-flex h-flex-basis h-column__inner h-px-lg-2 h-px-md-2 h-px-2 v-inner-lg-2 v-inner-md-2 v-inner-2 style-248 style-local-5-c34 position-relative\">\n              <!---->\n              <!---->\n              <div class=\"w-100 h-y-container h-column__content h-column__v-align flex-basis-100 align-self-lg-start align-self-md-start align-self-start\">\n                <!---->\n                <div data-colibri-id=\"5-c35\" class=\"h-global-transition-all h-heading style-249 style-local-5-c35 position-relative h-element\">\n                  <!---->\n                  <div class=\"h-heading__outer style-249 style-local-5-c35\">\n                    <!---->\n                    <!---->\n                    <h5 class=\"\">About us<\/h5>\n                  <\/div>\n                <\/div>\n                <div data-colibri-id=\"5-c36\" class=\"h-global-transition-all h-heading style-250 style-local-5-c36 position-relative h-element\">\n                  <!---->\n                  <div class=\"h-heading__outer style-250 style-local-5-c36\">\n                    <!---->\n                    <!---->\n                    <h2 class=\"\">Satel latest technologies that power the world&#8217;s evolving and constantly renewed use to bring to Turkey,<\/h2>\n                  <\/div>\n                <\/div>\n                <div data-colibri-id=\"5-c37\" class=\"h-text h-text-component style-251 style-local-5-c37 position-relative h-element\">\n                  <!---->\n                  <!---->\n                  <div class=\"\">\n                    <p>&nbsp;Turkey is to move from principles to implement the transfer of technology and support.<\/p>\n                    <p>SATEL Elektrik A.\u015e. The company was registered in 1997 and needing in new business areas in Turkey, today&#8217;s most important business technology transfer and field work continues to grow in the energy sphere.<\/p>\n                  <\/div>\n                <\/div>\n              <\/div>\n            <\/div>\n          <\/div>\n        <\/div>\n      <\/div>\n    <\/div>\n  <\/div>\n<\/div>","protected":false},"excerpt":{"rendered":"<p>REPRESENTATIONS FFG Manufacture of special vehicles in the field of Defense Industry and Environmental Technologies, maintenance&#8230; read more API-COM Our company is representator of APICOM S.p.A. and together with APICOM we completed successfully the installation and&#8230; read more KIZILIRMAK Our company; Our solution partner, KIZILIRAK D\u00d6K\u00dcM SAN. VE T\u0130C. A\u015e and KIZILIRAK MAK\u0130NA SAN. VE [&hellip;]<\/p>\n","protected":false},"author":1,"featured_media":0,"parent":0,"menu_order":0,"comment_status":"closed","ping_status":"closed","template":"page-templates\/homepage.php","meta":[],"_links":{"self":[{"href":"https:\/\/satelelektrik.com\/en\/wp-json\/wp\/v2\/pages\/5"}],"collection":[{"href":"https:\/\/satelelektrik.com\/en\/wp-json\/wp\/v2\/pages"}],"about":[{"href":"https:\/\/satelelektrik.com\/en\/wp-json\/wp\/v2\/types\/page"}],"author":[{"embeddable":true,"href":"https:\/\/satelelektrik.com\/en\/wp-json\/wp\/v2\/users\/1"}],"replies":[{"embeddable":true,"href":"https:\/\/satelelektrik.com\/en\/wp-json\/wp\/v2\/comments?post=5"}],"version-history":[{"count":18,"href":"https:\/\/satelelektrik.com\/en\/wp-json\/wp\/v2\/pages\/5\/revisions"}],"predecessor-version":[{"id":558,"href":"https:\/\/satelelektrik.com\/en\/wp-json\/wp\/v2\/pages\/5\/revisions\/558"}],"wp:attachment":[{"href":"https:\/\/satelelektrik.com\/en\/wp-json\/wp\/v2\/media?parent=5"}],"curies":[{"name":"wp","href":"https:\/\/api.w.org\/{rel}","templated":true}]}}