{"id":337,"date":"2020-11-15T20:46:34","date_gmt":"2020-11-15T17:46:34","guid":{"rendered":"http:\/\/satelelektrik.com\/en\/?page_id=337"},"modified":"2020-11-23T11:27:24","modified_gmt":"2020-11-23T08:27:24","slug":"kizilirmak","status":"publish","type":"page","link":"http:\/\/satelelektrik.com\/en\/kizilirmak\/","title":{"rendered":"KIZILIRMAK"},"content":{"rendered":"<div data-colibri-id=\"337-c1\" class=\"style-461 style-local-337-c1 position-relative\">\n  <!---->\n  <div data-colibri-component=\"section\" data-colibri-id=\"337-c2\" id=\"about\" class=\"h-section h-section-global-spacing d-flex align-items-lg-center align-items-md-center align-items-center style-462 style-local-337-c2 position-relative\">\n    <!---->\n    <!---->\n    <div class=\"h-section-grid-container h-section-boxed-container\">\n      <!---->\n      <div data-colibri-id=\"337-c3\" class=\"h-row-container gutters-row-lg-0 gutters-row-md-0 gutters-row-0 gutters-row-v-lg-0 gutters-row-v-md-0 gutters-row-v-0 style-463 style-local-337-c3 position-relative\">\n        <!---->\n        <div class=\"h-row justify-content-lg-center justify-content-md-center justify-content-center align-items-lg-stretch align-items-md-stretch align-items-stretch gutters-col-lg-0 gutters-col-md-0 gutters-col-0 gutters-col-v-lg-0 gutters-col-v-md-0 gutters-col-v-0\">\n          <!---->\n          <div class=\"h-column h-column-container d-flex h-col-lg-auto h-col-md-auto h-col-auto style-464-outer style-local-337-c4-outer\">\n            <div data-colibri-id=\"337-c4\" class=\"d-flex h-flex-basis h-column__inner h-px-lg-0 h-px-md-0 h-px-0 v-inner-lg-0 v-inner-md-0 v-inner-0 style-464 style-local-337-c4 position-relative\">\n              <!---->\n              <!---->\n              <div class=\"w-100 h-y-container h-column__content h-column__v-align flex-basis-100 align-self-lg-start align-self-md-start align-self-start\">\n                <!---->\n                <div data-colibri-id=\"337-c5\" class=\"h-global-transition-all h-heading style-466 style-local-337-c5 position-relative h-element\">\n                  <!---->\n                  <div class=\"h-heading__outer style-466 style-local-337-c5\">\n                    <!---->\n                    <!---->\n                    <h2 class=\"\">KIZILIRMAK<\/h2>\n                  <\/div>\n                <\/div>\n                <div data-colibri-id=\"337-c6\" class=\"h-text h-text-component style-467 style-local-337-c6 position-relative h-element\">\n                  <!---->\n                  <!---->\n                  <div class=\"\">\n                    <p>Our company; Our solution partner, KIZILIRAK D\u00d6K\u00dcM SAN. VE T\u0130C. A\u015e and KIZILIRAK MAK\u0130NA SAN. VE T\u0130C. A\u015e. (www.kizilirmakdokum.com)<\/p>\n                    <p>KIZILIRMAK CAST constantly updated technology, forward-thinking management, experienced and dynamic team of Turkey\u2019s leading steel, ductile iron and cast iron is one of the plants. Our company, which has adopted the principle of producing\n                      the best quality goods and fulfilling its commitments on time since its establishment, is happy to meet internal and external demands. It has aimed to meet the steel, ductile iron and pig casting needs of our various industrial organizations,\n                      especially Cement, Railways, Iron and Steel, Ship, Construction, Defense Industry, Mining Enterprises, Power Plants, at the desired quality, on time and at affordable prices.<\/p>\n                    <p>\n                      <br>\n                    <\/p>\n                  <\/div>\n                <\/div>\n              <\/div>\n            <\/div>\n          <\/div>\n          <div class=\"h-column h-column-container d-flex h-col-lg-auto h-col-md-auto h-col-auto style-468-outer style-local-337-c7-outer\">\n            <div data-colibri-id=\"337-c7\" class=\"d-flex h-flex-basis h-column__inner h-ui-empty-state-container h-px-lg-2 h-px-md-2 h-px-2 v-inner-lg-2 v-inner-md-2 v-inner-2 style-468 style-local-337-c7 position-relative\">\n              <!---->\n              <!---->\n              <div class=\"w-100 h-y-container h-column__content h-column__v-align flex-basis-100\">\n                <!---->\n              <\/div>\n            <\/div>\n          <\/div>\n        <\/div>\n      <\/div>\n    <\/div>\n  <\/div>\n<\/div>","protected":false},"excerpt":{"rendered":"<p>KIZILIRMAK Our company; Our solution partner, KIZILIRAK D\u00d6K\u00dcM SAN. VE T\u0130C. A\u015e and KIZILIRAK MAK\u0130NA SAN. VE T\u0130C. A\u015e. (www.kizilirmakdokum.com) KIZILIRMAK CAST constantly updated technology, forward-thinking management, experienced and dynamic team of Turkey\u2019s leading steel, ductile iron and cast iron is one of the plants. Our company, which has adopted the principle of producing the [&hellip;]<\/p>\n","protected":false},"author":1,"featured_media":0,"parent":0,"menu_order":0,"comment_status":"closed","ping_status":"closed","template":"page-templates\/full-width-page.php","meta":[],"_links":{"self":[{"href":"http:\/\/satelelektrik.com\/en\/wp-json\/wp\/v2\/pages\/337"}],"collection":[{"href":"http:\/\/satelelektrik.com\/en\/wp-json\/wp\/v2\/pages"}],"about":[{"href":"http:\/\/satelelektrik.com\/en\/wp-json\/wp\/v2\/types\/page"}],"author":[{"embeddable":true,"href":"http:\/\/satelelektrik.com\/en\/wp-json\/wp\/v2\/users\/1"}],"replies":[{"embeddable":true,"href":"http:\/\/satelelektrik.com\/en\/wp-json\/wp\/v2\/comments?post=337"}],"version-history":[{"count":4,"href":"http:\/\/satelelektrik.com\/en\/wp-json\/wp\/v2\/pages\/337\/revisions"}],"predecessor-version":[{"id":501,"href":"http:\/\/satelelektrik.com\/en\/wp-json\/wp\/v2\/pages\/337\/revisions\/501"}],"wp:attachment":[{"href":"http:\/\/satelelektrik.com\/en\/wp-json\/wp\/v2\/media?parent=337"}],"curies":[{"name":"wp","href":"https:\/\/api.w.org\/{rel}","templated":true}]}}